{"id":1756,"date":"2025-07-03T12:08:07","date_gmt":"2025-07-03T12:08:07","guid":{"rendered":"https:\/\/projects.freela.studio\/aprilia\/?page_id=1756"},"modified":"2025-07-09T16:36:22","modified_gmt":"2025-07-09T16:36:22","slug":"politicas-de-privacidad","status":"publish","type":"page","link":"https:\/\/projects.freela.studio\/aprilia\/politicas-de-privacidad\/","title":{"rendered":"Pol\u00edticas de privacidad"},"content":{"rendered":"\n<section id=\"block_072ddc2acc4e6d7404e9db76e7a84203\" class='page-hero ' data-in=\"100\">\n    <div class=\"bg\">\n            <\/div>\n    <div class=\"container\">\n        <h1>\n            Pol\u00edticas de privacidad        <\/h1>\n    <\/div>\n<\/section>\n\n\n<div class=\"container paragraph default_block \" data-waypoint=\".25\">\n<p>Pol\u00edtica de Privacidad de la p\u00e1gina de Internet de APRILIA ARGENTINA https:\/\/www.apriliaoficial.com.ar\/ (el \u201cSitio\u201d) de GRUPO SIMPA S.A\u00a0 con domicilio en\u00a0<a href=\"https:\/\/www.google.com.ar\/maps\/place\/Grupo+Simpa+S.A.\/@-34.5022035,-58.5470072,17z\/data=!4m5!3m4!1s0x95bcb0801fa98545:0xe613628a3ed69e2d!8m2!3d-34.5020746!4d-58.5445024?shorturl=1\" target=\"_blank\" rel=\"noreferrer noopener\">Colectora Panamericana Oeste 1804 Villa Adelina<\/a>\u00a0(en adelante \u201cGS\u201d).<\/p>\n<\/div>\n\n<div class=\"container paragraph default_block \" data-waypoint=\".25\">\n<p>AL UTILIZAR ESTE SITIO WEB, USTED APRUEBA LA RECOPILACI\u00d3N Y EL USO DE SUS DATOS PERSONALES COMO SE ESTABLECE EN ESTA POLITICA DE PRIVACIDAD. TAMBI\u00c9N RECONOCE QUE GS PUEDE CAMBIAR, MODIFICAR, A\u00d1ADIR, ELIMINAR O ACTUALIZAR DE CUALQUIER OTRO MODO ESTA POL\u00cdTICA DE PRIVACIDAD, SEG\u00daN CONSIDERE, SIN AVISO PREVIO. Nuestra intenci\u00f3n es publicar los cambios de la Pol\u00edtica de Privacidad en esta p\u00e1gina, para que usted disponga de toda la informaci\u00f3n acerca de los tipos de informaci\u00f3n que recopilamos, el modo en el que la utilizamos y las circunstancias en las que se puede divulgar.<\/p>\n<\/div>\n\n<div class=\"container paragraph default_block \" data-waypoint=\".25\">\n<p>1. El t\u00e9rmino \u201cDatos Personales\u201d, tal como se emplea en esta Pol\u00edtica de Privacidad, hace referencia a la informaci\u00f3n que puede utilizarse para identificarlo, como su nombre, fecha de nacimiento, direcci\u00f3n de correo electr\u00f3nico, direcci\u00f3n postal o n\u00famero de tel\u00e9fono.<\/p>\n<\/div>\n\n<div class=\"container paragraph default_block \" data-waypoint=\".25\">\n<p>Asimismo, le informamos que se utilizan \u201ccookies\u201d, piezas de informaci\u00f3n que la p\u00e1gina almacena en un navegador o dispositivo para guardar los registros de visita de su usuario, para obtener informaci\u00f3n con el objetivo de mejorar su experiencia en l\u00ednea. Para configurar o desactivar las cookies, se puede acceder al panel de configuraci\u00f3n correspondiente a su navegador web https:\/\/www.motomorini.com.ar\/<\/p>\n<\/div>\n\n<div class=\"container paragraph default_block \" data-waypoint=\".25\">\n<p>2. Ley que protege a los Datos Personales es la N\u00b0 25.326. El objetivo principal de esta ley y su normativa complementaria, es la protecci\u00f3n integral de los datos personales asentados en archivos, registros, bancos de datos u otros mecanismos t\u00e9cnicos de tratamiento de datos, sean estos datos p\u00fablicos o privados, otorgando protecci\u00f3n a las personas sobre su derecho al honor y a la intimidad, as\u00ed como tambi\u00e9n garantizar el acceso a la informaci\u00f3n que sobre las mismas se registre, de conformidad a lo establecido en el art\u00edculo 43, p\u00e1rrafo tercero de la Constituci\u00f3n Nacional.<\/p>\n<\/div>\n\n<div class=\"container paragraph default_block \" data-waypoint=\".25\">\n<p>3. GS se reserva el derecho del uso o divulgaci\u00f3n de cualquier informaci\u00f3n cuando \u00e9sta sea necesaria para satisfacer cualquier ley, regulaci\u00f3n o requerimiento legal, para proteger la integridad de la p\u00e1gina, para satisfacer requerimientos o para cooperar en el cumplimiento de la ley o cualquier investigaci\u00f3n y asunto que corresponda a la seguridad p\u00fablica.&nbsp;<\/p>\n<\/div>\n\n<div class=\"container paragraph default_block \" data-waypoint=\".25\">\n<p>4. La mayor\u00eda de nuestros servicios no requieren ning\u00fan tipo de registro, lo que le permitir\u00e1 visitar nuestra p\u00e1gina web sin necesidad de identificarse. Sin embargo, algunos de los servicios le pedir\u00e1n que nos proporcione sus Datos Personales. En estas situaciones, si elige no proporcionarnos sus Datos Personales solicitados, puede que no tenga acceso a algunas secciones de la p\u00e1gina web y que nosotros no podamos responder a su consulta. La siguiente secci\u00f3n explica c\u00f3mo y d\u00f3nde recopilamos sus Datos Personales.<\/p>\n<\/div>\n\n<div class=\"container paragraph default_block \" data-waypoint=\".25\">\n<p>5. Todos los Datos Personales recabados a trav\u00e9s de esta p\u00e1gina web se incluir\u00e1n en una base de datos de titularidad de GS, con el objetivo de mantenerlo informado, incluso por medios electr\u00f3nicos, sobre productos y servicios de GS que consideramos que pueden ser de su inter\u00e9s.<\/p>\n<\/div>\n\n<div class=\"container paragraph default_block \" data-waypoint=\".25\">\n<p>Nos comprometemos a no vender, difundir o distribuir de ning\u00fan otro modo sus Datos Personales a terceros, excepto en los casos dispuestos en la presente Pol\u00edtica de Privacidad. En este sentido, usted consiente que podamos ceder sus Datos Personales al concesionario seleccionado por usted, que se comprometa a tratarlos de conformidad con la presente Pol\u00edtica de Privacidad. Asimismo, los Datos Personales se pueden transferir a terceros que act\u00faen en nuestro nombre para que los procesen de conformidad con los fines para los que se recopilaron originalmente o pueden procesarse de otro modo legal, como prestaci\u00f3n de servicios, evaluaci\u00f3n de la utilidad del sitio web, marketing, gesti\u00f3n de datos o asistencia t\u00e9cnica. Estos terceros han suscrito un contrato con nosotros para utilizar exclusivamente los Datos Personales para los fines acordados y no vender ni divulgar sus Datos Personales a otros terceros, salvo que lo requiera la legislaci\u00f3n, lo permitamos nosotros o se indique en esta Pol\u00edtica de Privacidad. Asimismo, sus Datos Personales recopilados pueden transferirse a terceros en caso de que el negocio relacionado con esta p\u00e1gina web y los datos de los clientes relacionados con \u00e9l se vendan, adjudiquen o cedan de forma total o parcial; en tal caso, le pedir\u00edamos al comprador, adjudicatario o cesionario que trate los Datos Personales de acuerdo con esta Pol\u00edtica de Privacidad. Asimismo, los Datos Personales podr\u00e1n divulgarse a terceros si fu\u00e9ramos requeridos para actuar de este modo con base en la legislaci\u00f3n vigente, una orden judicial o un reglamento gubernamental o si dicha divulgaci\u00f3n fuera necesaria, de alg\u00fan otro modo, para respaldar una investigaci\u00f3n o un procedimiento judicial o penal aqu\u00ed o en el extranjero.<\/p>\n<\/div>\n\n<div class=\"container paragraph default_block \" data-waypoint=\".25\">\n<p>6. Como titular de sus datos personales usted tiene derecho de acceso, rectificaci\u00f3n y supresi\u00f3n. De conformidad con la Ley N\u00ba 25.326 de Protecci\u00f3n de los Datos Personales, usted tiene la facultad de ejercer el derecho de acceso a los mismos en forma gratuita a intervalos no inferiores a seis meses, salvo que acredite un inter\u00e9s leg\u00edtimo al efecto conforme lo establecido en el art\u00edculo 14, inciso 3 de la ley 25.326.<\/p>\n<\/div>\n\n<div class=\"container paragraph default_block \" data-waypoint=\".25\">\n<p>La AGENCIA DE ACCESO A LA INFORMACI\u00d3N P\u00daBLICA, en su car\u00e1cter de \u00d3rgano de Control de la Ley N\u00b0 25.326, tiene la atribuci\u00f3n de atender las denuncias y reclamos que interpongan quienes resulten afectados en sus derechos por incumplimiento de las normas vigentes en materia de protecci\u00f3n de datos personales\u201dGRUPO SIMPA S.A. le concede a toda persona el derecho de acceso a los datos personales que la empresa pueda poseer respecto de ella en sus distintos bancos de datos, para lo cual deber\u00e1 contactarse a la casilla de correo&nbsp;<a href=\"mailto:info@simpa.com.ar\">Info@simpa.com.ar<\/a><\/p>\n<\/div>","protected":false},"excerpt":{"rendered":"<p>Pol\u00edtica de Privacidad de la p\u00e1gina de Internet de APRILIA ARGENTINA https:\/\/www.apriliaoficial.com.ar\/ (el \u201cSitio\u201d) de GRUPO SIMPA S.A\u00a0 con domicilio en\u00a0Colectora Panamericana Oeste 1804 Villa Adelina\u00a0(en adelante \u201cGS\u201d). AL UTILIZAR ESTE SITIO WEB, USTED APRUEBA LA RECOPILACI\u00d3N Y EL USO DE SUS DATOS PERSONALES COMO SE ESTABLECE EN ESTA POLITICA DE PRIVACIDAD. TAMBI\u00c9N RECONOCE QUE [&hellip;]<\/p>\n","protected":false},"author":1,"featured_media":0,"parent":0,"menu_order":0,"comment_status":"closed","ping_status":"closed","template":"","meta":{"_acf_changed":false,"footnotes":""},"class_list":["post-1756","page","type-page","status-publish","hentry"],"acf":[],"_links":{"self":[{"href":"https:\/\/projects.freela.studio\/aprilia\/wp-json\/wp\/v2\/pages\/1756","targetHints":{"allow":["GET"]}}],"collection":[{"href":"https:\/\/projects.freela.studio\/aprilia\/wp-json\/wp\/v2\/pages"}],"about":[{"href":"https:\/\/projects.freela.studio\/aprilia\/wp-json\/wp\/v2\/types\/page"}],"author":[{"embeddable":true,"href":"https:\/\/projects.freela.studio\/aprilia\/wp-json\/wp\/v2\/users\/1"}],"replies":[{"embeddable":true,"href":"https:\/\/projects.freela.studio\/aprilia\/wp-json\/wp\/v2\/comments?post=1756"}],"version-history":[{"count":3,"href":"https:\/\/projects.freela.studio\/aprilia\/wp-json\/wp\/v2\/pages\/1756\/revisions"}],"predecessor-version":[{"id":1808,"href":"https:\/\/projects.freela.studio\/aprilia\/wp-json\/wp\/v2\/pages\/1756\/revisions\/1808"}],"wp:attachment":[{"href":"https:\/\/projects.freela.studio\/aprilia\/wp-json\/wp\/v2\/media?parent=1756"}],"curies":[{"name":"wp","href":"https:\/\/api.w.org\/{rel}","templated":true}]}}