{"id":1758,"date":"2025-07-03T12:08:55","date_gmt":"2025-07-03T12:08:55","guid":{"rendered":"https:\/\/projects.freela.studio\/aprilia\/?page_id=1758"},"modified":"2025-07-09T16:35:59","modified_gmt":"2025-07-09T16:35:59","slug":"politicas-de-cookies","status":"publish","type":"page","link":"https:\/\/projects.freela.studio\/aprilia\/politicas-de-cookies\/","title":{"rendered":"Pol\u00edticas de cookies"},"content":{"rendered":"\n<section id=\"block_d24a1cf35de073b5a78aa000cc5d72b7\" class='page-hero ' data-in=\"100\">\n    <div class=\"bg\">\n            <\/div>\n    <div class=\"container\">\n        <h1>\n            Pol\u00edticas de cookies        <\/h1>\n    <\/div>\n<\/section>\n\n\n<div class=\"container paragraph default_block \" data-waypoint=\".25\">\n<p>Para nosotros su privacidad es importante. Por eso le informamos que al visitar el sitio web, este puede almacenar o recuperar informaci\u00f3n en su navegador, principalmente en forma de cookies. La informaci\u00f3n que se almacena puede ser sobre usted, sus preferencias o su dispositivo.<\/p>\n<\/div>\n\n<div class=\"container paragraph default_block \" data-waypoint=\".25\">\n<p><br>Las cookies de orientaci\u00f3n se utilizan para rastrear a los visitantes a trav\u00e9s de sitios web de terceros con el fin de mostrar anuncios para proporcionar una experiencia m\u00e1s relevante y atractiva para el usuario individual. Trabajamos con Google y otros terceros para lograr esto.<\/p>\n<\/div>\n\n<div class=\"container paragraph default_block \" data-waypoint=\".25\">\n<p>Como respetamos su privacidad, puede optar por excluir algunos tipos de cookies. Puede hacer click en los diferentes encabezados de categor\u00eda para obtener m\u00e1s informaci\u00f3n y cambiar nuestra configuraci\u00f3n predeterminada. En caso de que bloqueara algunos tipos de cookies, su experiencia de uso en el sitio se podr\u00e1 ver afectada y tambi\u00e9n los servicios que podemos ofrecerle.<\/p>\n<\/div>\n\n<div class=\"container paragraph default_block \" data-waypoint=\".25\">\n<p><strong>Permitirlas todas<\/strong><br>Gestionar las preferencias del consentimiento<\/p>\n<\/div>\n\n<div class=\"container paragraph default_block \" data-waypoint=\".25\">\n<p><strong>Cookies estrictamente necesarias:<\/strong><br><br><strong>ACTIVAS SIEMPRE<\/strong><br>Estas cookies son necesarias para que el sitio web funcione. Puede configurar su navegador para bloquear o alertar sobre estas cookies, pero algunas \u00e1reas del sitio no funcionar\u00e1n. Estas cookies no almacenan ninguna informaci\u00f3n de identificaci\u00f3n personal.<br><br><strong>COOKIES DE RENDIMIENTO<\/strong><br>Estas cookies nos permiten contar las visitas y fuentes de tr\u00e1fico para poder evaluar el rendimiento de nuestro sitio y mejorarlo. Nos ayudan a conocer c\u00f3mo los visitantes navegan por el sitio.<br><br><strong>COOKIES DE PUBLICIDAD<\/strong><br>Estas cookies nos permiten proporcionarle anuncios acordes con sus intereses. Puede deshabilitarlas en cualquier momento si lo desea.<\/p>\n<\/div>","protected":false},"excerpt":{"rendered":"<p>Para nosotros su privacidad es importante. Por eso le informamos que al visitar el sitio web, este puede almacenar o recuperar informaci\u00f3n en su navegador, principalmente en forma de cookies. La informaci\u00f3n que se almacena puede ser sobre usted, sus preferencias o su dispositivo. Las cookies de orientaci\u00f3n se utilizan para rastrear a los visitantes [&hellip;]<\/p>\n","protected":false},"author":1,"featured_media":0,"parent":0,"menu_order":0,"comment_status":"closed","ping_status":"closed","template":"","meta":{"_acf_changed":false,"footnotes":""},"class_list":["post-1758","page","type-page","status-publish","hentry"],"acf":[],"_links":{"self":[{"href":"https:\/\/projects.freela.studio\/aprilia\/wp-json\/wp\/v2\/pages\/1758","targetHints":{"allow":["GET"]}}],"collection":[{"href":"https:\/\/projects.freela.studio\/aprilia\/wp-json\/wp\/v2\/pages"}],"about":[{"href":"https:\/\/projects.freela.studio\/aprilia\/wp-json\/wp\/v2\/types\/page"}],"author":[{"embeddable":true,"href":"https:\/\/projects.freela.studio\/aprilia\/wp-json\/wp\/v2\/users\/1"}],"replies":[{"embeddable":true,"href":"https:\/\/projects.freela.studio\/aprilia\/wp-json\/wp\/v2\/comments?post=1758"}],"version-history":[{"count":2,"href":"https:\/\/projects.freela.studio\/aprilia\/wp-json\/wp\/v2\/pages\/1758\/revisions"}],"predecessor-version":[{"id":1806,"href":"https:\/\/projects.freela.studio\/aprilia\/wp-json\/wp\/v2\/pages\/1758\/revisions\/1806"}],"wp:attachment":[{"href":"https:\/\/projects.freela.studio\/aprilia\/wp-json\/wp\/v2\/media?parent=1758"}],"curies":[{"name":"wp","href":"https:\/\/api.w.org\/{rel}","templated":true}]}}